{"id":110038,"date":"2025-05-18T20:51:23","date_gmt":"2025-05-18T20:51:23","guid":{"rendered":"https:\/\/staging2.stylingagenten.com\/da\/produkt\/giftset-replay-signature-secret-woman-edt-100ml-pochette\/"},"modified":"2026-04-04T16:48:48","modified_gmt":"2026-04-04T16:48:48","slug":"giftset-replay-signature-secret-woman-edt-100ml-pochette","status":"publish","type":"product","link":"https:\/\/stylingagenten.com\/da\/produkt\/giftset-replay-signature-secret-woman-edt-100ml-pochette\/","title":{"rendered":"Giftset Replay Signature Secret Woman Edt 100ml + Pochette"},"content":{"rendered":"<p>Replay Signature Secret for Woman er den nye duft, der beriger Replay Signature-serien. En idyllisk have pryder flasken og inviterer til smuk natur. Denne skabelse hylder kvinders mystiske, blide og idylliske sj\u00e6l. Duften er en energisk komposition, der \u00e5bner med en f\u00e6ngslende harmoni af sprudlende bergamot og saftig p\u00e6re. Hjertet afspejler femininiteten hos en st\u00e6rk og kraftfuld kvinde med en blomsterbuket af frisk fresia og sensuel sambacjasmin. En varm og omsluttende base af fl\u00f8jlsbl\u00f8dt cashmeretr\u00e6 og cremet vanilje binder hele kompositionen sammen.<\/p>\n<p>Topnoter: Bergamot, P\u00e6re, Petitgrain<br \/>\n<br \/>Hjertenoter: Fresia, Sambacjasmin, Appelsinblomst<br \/>\n<br \/>Basenoter: Hvid Musk, Vanilje, Cashmeretr\u00e6<\/p>\n<p>Gaves\u00e6ttet indeholder:<br \/>\n<br \/>Replay Signature Secret Woman Edt 100ml<br \/>\n<br \/>Replay Denim Pochette<\/p>\n","protected":false},"excerpt":{"rendered":"<p>Replay Signature Secret for Woman er den nye duft, der beriger Replay Signature-serien. En idyllisk have pryder flasken og inviterer til smuk natur. Denne skabelse hylder kvinders mystiske, blide og idylliske sj\u00e6l. Duften er en energisk komposition, der \u00e5bner med en f\u00e6ngslende harmoni af sprudlende bergamot og saftig p\u00e6re. Hjertet afspejler femininiteten hos en st\u00e6rk [&hellip;]<\/p>\n","protected":false},"featured_media":110033,"comment_status":"open","ping_status":"closed","template":"","meta":{"_trash_the_other_posts":false},"product_brand":[],"product_cat":[706,544,735,999],"product_tag":[],"berocket_brand":[1120],"class_list":{"0":"post-110038","1":"product","2":"type-product","3":"status-publish","4":"has-post-thumbnail","6":"product_cat-eau-de-parfum-dame","7":"product_cat-gavesaet-parfume-damer","8":"product_cat-kampagne","9":"product_cat-kampagnetilbud-til-hende","10":"pa_brand-replay","11":"berocket_brand-replay","13":"first","14":"instock","15":"sale","16":"taxable","17":"shipping-taxable","18":"purchasable","19":"product-type-simple"},"_links":{"self":[{"href":"https:\/\/stylingagenten.com\/da\/wp-json\/wp\/v2\/product\/110038","targetHints":{"allow":["GET"]}}],"collection":[{"href":"https:\/\/stylingagenten.com\/da\/wp-json\/wp\/v2\/product"}],"about":[{"href":"https:\/\/stylingagenten.com\/da\/wp-json\/wp\/v2\/types\/product"}],"replies":[{"embeddable":true,"href":"https:\/\/stylingagenten.com\/da\/wp-json\/wp\/v2\/comments?post=110038"}],"version-history":[{"count":0,"href":"https:\/\/stylingagenten.com\/da\/wp-json\/wp\/v2\/product\/110038\/revisions"}],"wp:featuredmedia":[{"embeddable":true,"href":"https:\/\/stylingagenten.com\/da\/wp-json\/wp\/v2\/media\/110033"}],"wp:attachment":[{"href":"https:\/\/stylingagenten.com\/da\/wp-json\/wp\/v2\/media?parent=110038"}],"wp:term":[{"taxonomy":"product_brand","embeddable":true,"href":"https:\/\/stylingagenten.com\/da\/wp-json\/wp\/v2\/product_brand?post=110038"},{"taxonomy":"product_cat","embeddable":true,"href":"https:\/\/stylingagenten.com\/da\/wp-json\/wp\/v2\/product_cat?post=110038"},{"taxonomy":"product_tag","embeddable":true,"href":"https:\/\/stylingagenten.com\/da\/wp-json\/wp\/v2\/product_tag?post=110038"},{"taxonomy":"berocket_brand","embeddable":true,"href":"https:\/\/stylingagenten.com\/da\/wp-json\/wp\/v2\/berocket_brand?post=110038"}],"curies":[{"name":"wp","href":"https:\/\/api.w.org\/{rel}","templated":true}]}}