{"id":110016,"date":"2025-05-18T20:51:18","date_gmt":"2025-05-18T20:51:18","guid":{"rendered":"https:\/\/staging2.stylingagenten.com\/da\/produkt\/giftset-replay-signature-woman-edp-100ml-pochette\/"},"modified":"2026-03-30T08:48:40","modified_gmt":"2026-03-30T08:48:40","slug":"giftset-replay-signature-woman-edp-100ml-pochette","status":"publish","type":"product","link":"https:\/\/stylingagenten.com\/da\/produkt\/giftset-replay-signature-woman-edp-100ml-pochette\/","title":{"rendered":"Giftset Replay Signature Woman Edp 100ml + Pochette"},"content":{"rendered":"<p>Med sit innovative design str\u00e6ber Replay Signature efter at overf\u00f8re \u00e5nden fra Replay modekollektionen til parfumeverdenen. Den institutionelle form p\u00e5 flasken forst\u00e6rkes af nitter p\u00e5 begge sider. Det blomstrede motiv dekorerer hele flasken og g\u00f8r den utroligt elegant. Duften er en distinkt chypre-komposition med moderne femininitet og forf\u00f8rende styrke. I topnoterne spreder citrusfrugter deres aroma for at skabe en f\u00f8lelse af naturlig friskhed. Luften dufter af s\u00f8d mandarin og saftig nektarin. Den fortryllende hjertenote kombinerer en buket af sensuel geranium, betagende jasmin og eksotisk ylang-ylang, der smelter sammen og udstr\u00e5ler ren charme. Den elegante base af m\u00f8rk vetiver, jordn\u00e6r patchouli, \u00e6del amber og ren musk harmoniserer dette ekstraordin\u00e6re mesterv\u00e6rk.<\/p>\n<p>Topnoter: Nektarin, Mandarin, Citrus<br \/>\n<br \/>Hjertenoter: Ylang Ylang, Jasmin, Geranium<br \/>\n<br \/>Basenoter: Patchouli, Musk, Amber, Vetiver<\/p>\n<p>Gaves\u00e6ttet indeholder:<br \/>\n<br \/>Replay Signature Woman Edp 100ml<br \/>\n<br \/>Replay Denim Pochette<\/p>\n","protected":false},"excerpt":{"rendered":"<p>Med sit innovative design str\u00e6ber Replay Signature efter at overf\u00f8re \u00e5nden fra Replay modekollektionen til parfumeverdenen. Den institutionelle form p\u00e5 flasken forst\u00e6rkes af nitter p\u00e5 begge sider. Det blomstrede motiv dekorerer hele flasken og g\u00f8r den utroligt elegant. Duften er en distinkt chypre-komposition med moderne femininitet og forf\u00f8rende styrke. I topnoterne spreder citrusfrugter deres aroma [&hellip;]<\/p>\n","protected":false},"featured_media":110012,"comment_status":"open","ping_status":"closed","template":"","meta":{"_trash_the_other_posts":false},"product_brand":[],"product_cat":[706,544,735,999],"product_tag":[],"berocket_brand":[1120],"class_list":{"0":"post-110016","1":"product","2":"type-product","3":"status-publish","4":"has-post-thumbnail","6":"product_cat-eau-de-parfum-dame","7":"product_cat-gavesaet-parfume-damer","8":"product_cat-kampagne","9":"product_cat-kampagnetilbud-til-hende","10":"pa_brand-replay","11":"berocket_brand-replay","13":"first","14":"instock","15":"sale","16":"taxable","17":"shipping-taxable","18":"purchasable","19":"product-type-simple"},"_links":{"self":[{"href":"https:\/\/stylingagenten.com\/da\/wp-json\/wp\/v2\/product\/110016","targetHints":{"allow":["GET"]}}],"collection":[{"href":"https:\/\/stylingagenten.com\/da\/wp-json\/wp\/v2\/product"}],"about":[{"href":"https:\/\/stylingagenten.com\/da\/wp-json\/wp\/v2\/types\/product"}],"replies":[{"embeddable":true,"href":"https:\/\/stylingagenten.com\/da\/wp-json\/wp\/v2\/comments?post=110016"}],"version-history":[{"count":0,"href":"https:\/\/stylingagenten.com\/da\/wp-json\/wp\/v2\/product\/110016\/revisions"}],"wp:featuredmedia":[{"embeddable":true,"href":"https:\/\/stylingagenten.com\/da\/wp-json\/wp\/v2\/media\/110012"}],"wp:attachment":[{"href":"https:\/\/stylingagenten.com\/da\/wp-json\/wp\/v2\/media?parent=110016"}],"wp:term":[{"taxonomy":"product_brand","embeddable":true,"href":"https:\/\/stylingagenten.com\/da\/wp-json\/wp\/v2\/product_brand?post=110016"},{"taxonomy":"product_cat","embeddable":true,"href":"https:\/\/stylingagenten.com\/da\/wp-json\/wp\/v2\/product_cat?post=110016"},{"taxonomy":"product_tag","embeddable":true,"href":"https:\/\/stylingagenten.com\/da\/wp-json\/wp\/v2\/product_tag?post=110016"},{"taxonomy":"berocket_brand","embeddable":true,"href":"https:\/\/stylingagenten.com\/da\/wp-json\/wp\/v2\/berocket_brand?post=110016"}],"curies":[{"name":"wp","href":"https:\/\/api.w.org\/{rel}","templated":true}]}}