{"id":109994,"date":"2025-05-18T20:51:10","date_gmt":"2025-05-18T20:51:10","guid":{"rendered":"https:\/\/staging2.stylingagenten.com\/da\/produkt\/hugo-boss-bottled-deo-spray-150ml\/"},"modified":"2026-04-13T12:23:49","modified_gmt":"2026-04-13T12:23:49","slug":"hugo-boss-bottled-deo-spray-150ml","status":"publish","type":"product","link":"https:\/\/stylingagenten.com\/da\/produkt\/hugo-boss-bottled-deo-spray-150ml\/","title":{"rendered":"Hugo Boss Bottled Deo Spray 150ml"},"content":{"rendered":"<p>Hugo Boss Bottle er en frisk og sensuel duft med en blanding af \u00e6ble, krydderier og sensuelle tr\u00e6noter. En sand klassiker for den moderne mand.<\/p>\n<p><strong>Duftnoter:<\/strong> bergamot, \u00e6ble, kanel, tagetes, nelliker, cedertr\u00e6, sandeltr\u00e6, patchouli, rav, vetiver &amp; oliventr\u00e6.<\/p>\n","protected":false},"excerpt":{"rendered":"<p>Hugo Boss Bottle er en frisk og sensuel duft med en blanding af \u00e6ble, krydderier og sensuelle tr\u00e6noter. En sand klassiker for den moderne mand. Duftnoter: bergamot, \u00e6ble, kanel, tagetes, nelliker, cedertr\u00e6, sandeltr\u00e6, patchouli, rav, vetiver &amp; oliventr\u00e6.<\/p>\n","protected":false},"featured_media":109992,"comment_status":"open","ping_status":"closed","template":"","meta":{"_trash_the_other_posts":false},"product_brand":[],"product_cat":[1003,722,715,735,1000],"product_tag":[],"berocket_brand":[1339],"class_list":{"0":"post-109994","1":"product","2":"type-product","3":"status-publish","4":"has-post-thumbnail","6":"product_cat-bestsellere","7":"product_cat-deospray-mr","8":"product_cat-flash-udsalg","9":"product_cat-kampagne","10":"product_cat-kampagnetilbud-til-ham","11":"pa_brand-hugo-boss","12":"berocket_brand-hugo-boss","14":"first","15":"instock","16":"sale","17":"taxable","18":"shipping-taxable","19":"purchasable","20":"product-type-simple"},"_links":{"self":[{"href":"https:\/\/stylingagenten.com\/da\/wp-json\/wp\/v2\/product\/109994","targetHints":{"allow":["GET"]}}],"collection":[{"href":"https:\/\/stylingagenten.com\/da\/wp-json\/wp\/v2\/product"}],"about":[{"href":"https:\/\/stylingagenten.com\/da\/wp-json\/wp\/v2\/types\/product"}],"replies":[{"embeddable":true,"href":"https:\/\/stylingagenten.com\/da\/wp-json\/wp\/v2\/comments?post=109994"}],"version-history":[{"count":0,"href":"https:\/\/stylingagenten.com\/da\/wp-json\/wp\/v2\/product\/109994\/revisions"}],"wp:featuredmedia":[{"embeddable":true,"href":"https:\/\/stylingagenten.com\/da\/wp-json\/wp\/v2\/media\/109992"}],"wp:attachment":[{"href":"https:\/\/stylingagenten.com\/da\/wp-json\/wp\/v2\/media?parent=109994"}],"wp:term":[{"taxonomy":"product_brand","embeddable":true,"href":"https:\/\/stylingagenten.com\/da\/wp-json\/wp\/v2\/product_brand?post=109994"},{"taxonomy":"product_cat","embeddable":true,"href":"https:\/\/stylingagenten.com\/da\/wp-json\/wp\/v2\/product_cat?post=109994"},{"taxonomy":"product_tag","embeddable":true,"href":"https:\/\/stylingagenten.com\/da\/wp-json\/wp\/v2\/product_tag?post=109994"},{"taxonomy":"berocket_brand","embeddable":true,"href":"https:\/\/stylingagenten.com\/da\/wp-json\/wp\/v2\/berocket_brand?post=109994"}],"curies":[{"name":"wp","href":"https:\/\/api.w.org\/{rel}","templated":true}]}}