{"id":109991,"date":"2025-05-18T20:51:09","date_gmt":"2025-05-18T20:51:09","guid":{"rendered":"https:\/\/staging2.stylingagenten.com\/da\/produkt\/2-pack-elizabeth-arden-green-tea-cream-deodorant-40ml\/"},"modified":"2026-03-28T21:38:36","modified_gmt":"2026-03-28T21:38:36","slug":"2-pack-elizabeth-arden-green-tea-cream-deodorant-40ml","status":"publish","type":"product","link":"https:\/\/stylingagenten.com\/da\/produkt\/2-pack-elizabeth-arden-green-tea-cream-deodorant-40ml\/","title":{"rendered":"2-pack Elizabeth Arden Green Tea Cream Deodorant 40ml"},"content":{"rendered":"<p>Elizabeth Arden Green Tea Cream Deodorant er en vidunderlig frisk creme deodorant, beriget med gr\u00f8n te for en ren, frisk f\u00f8lelse. Deodoranten har en opl\u00f8ftende duft, der giver energi og opmuntrer dine sanser.<\/p>\n","protected":false},"excerpt":{"rendered":"<p>Elizabeth Arden Green Tea Cream Deodorant er en vidunderlig frisk creme deodorant, beriget med gr\u00f8n te for en ren, frisk f\u00f8lelse. Deodoranten har en opl\u00f8ftende duft, der giver energi og opmuntrer dine sanser.<\/p>\n","protected":false},"featured_media":109989,"comment_status":"open","ping_status":"closed","template":"","meta":{"_trash_the_other_posts":false},"product_brand":[],"product_cat":[759,735,1000,999,670],"product_tag":[],"berocket_brand":[1303],"class_list":{"0":"post-109991","1":"product","2":"type-product","3":"status-publish","4":"has-post-thumbnail","6":"product_cat-elizabeth-arden-green-tea","7":"product_cat-kampagne","8":"product_cat-kampagnetilbud-til-ham","9":"product_cat-kampagnetilbud-til-hende","10":"product_cat-multipack-deodorant","11":"pa_brand-elizabeth-arden","12":"berocket_brand-elizabeth-arden","14":"first","15":"outofstock","16":"sale","17":"taxable","18":"shipping-taxable","19":"purchasable","20":"product-type-simple"},"_links":{"self":[{"href":"https:\/\/stylingagenten.com\/da\/wp-json\/wp\/v2\/product\/109991","targetHints":{"allow":["GET"]}}],"collection":[{"href":"https:\/\/stylingagenten.com\/da\/wp-json\/wp\/v2\/product"}],"about":[{"href":"https:\/\/stylingagenten.com\/da\/wp-json\/wp\/v2\/types\/product"}],"replies":[{"embeddable":true,"href":"https:\/\/stylingagenten.com\/da\/wp-json\/wp\/v2\/comments?post=109991"}],"version-history":[{"count":0,"href":"https:\/\/stylingagenten.com\/da\/wp-json\/wp\/v2\/product\/109991\/revisions"}],"wp:featuredmedia":[{"embeddable":true,"href":"https:\/\/stylingagenten.com\/da\/wp-json\/wp\/v2\/media\/109989"}],"wp:attachment":[{"href":"https:\/\/stylingagenten.com\/da\/wp-json\/wp\/v2\/media?parent=109991"}],"wp:term":[{"taxonomy":"product_brand","embeddable":true,"href":"https:\/\/stylingagenten.com\/da\/wp-json\/wp\/v2\/product_brand?post=109991"},{"taxonomy":"product_cat","embeddable":true,"href":"https:\/\/stylingagenten.com\/da\/wp-json\/wp\/v2\/product_cat?post=109991"},{"taxonomy":"product_tag","embeddable":true,"href":"https:\/\/stylingagenten.com\/da\/wp-json\/wp\/v2\/product_tag?post=109991"},{"taxonomy":"berocket_brand","embeddable":true,"href":"https:\/\/stylingagenten.com\/da\/wp-json\/wp\/v2\/berocket_brand?post=109991"}],"curies":[{"name":"wp","href":"https:\/\/api.w.org\/{rel}","templated":true}]}}