{"id":109986,"date":"2025-05-18T20:51:07","date_gmt":"2025-05-18T20:51:07","guid":{"rendered":"https:\/\/staging2.stylingagenten.com\/da\/produkt\/lacoste-eau-de-lacoste-l-12-12-blanc-deo-spray-150ml\/"},"modified":"2026-04-08T13:45:29","modified_gmt":"2026-04-08T13:45:29","slug":"lacoste-eau-de-lacoste-l-12-12-blanc-deo-spray-150ml","status":"publish","type":"product","link":"https:\/\/stylingagenten.com\/da\/produkt\/lacoste-eau-de-lacoste-l-12-12-blanc-deo-spray-150ml\/","title":{"rendered":"Lacoste Eau De Lacoste L.12.12 Blanc Deo Spray 150ml"},"content":{"rendered":"<p>Lacoste Essential er en frisk og energisk duft med noter af citrus, peber og tr\u00e6.<\/p>\n<p><strong>Duftnoter:<\/strong> mandarin, bergamot, solb\u00e6r, tomatblade, sort peber, roser , patchouli, sandeltr\u00e6&auml; &amp; tr\u00e6akkord.<\/p>\n<p><\/p>\n","protected":false},"excerpt":{"rendered":"<p>Lacoste Essential er en frisk og energisk duft med noter af citrus, peber og tr\u00e6. Duftnoter: mandarin, bergamot, solb\u00e6r, tomatblade, sort peber, roser , patchouli, sandeltr\u00e6&auml; &amp; tr\u00e6akkord.<\/p>\n","protected":false},"featured_media":109985,"comment_status":"open","ping_status":"closed","template":"","meta":{"_trash_the_other_posts":false},"product_brand":[],"product_cat":[722],"product_tag":[],"berocket_brand":[1066],"class_list":{"0":"post-109986","1":"product","2":"type-product","3":"status-publish","4":"has-post-thumbnail","6":"product_cat-deospray-mr","7":"pa_brand-lacoste","8":"berocket_brand-lacoste","10":"first","11":"instock","12":"sale","13":"taxable","14":"shipping-taxable","15":"purchasable","16":"product-type-simple"},"_links":{"self":[{"href":"https:\/\/stylingagenten.com\/da\/wp-json\/wp\/v2\/product\/109986","targetHints":{"allow":["GET"]}}],"collection":[{"href":"https:\/\/stylingagenten.com\/da\/wp-json\/wp\/v2\/product"}],"about":[{"href":"https:\/\/stylingagenten.com\/da\/wp-json\/wp\/v2\/types\/product"}],"replies":[{"embeddable":true,"href":"https:\/\/stylingagenten.com\/da\/wp-json\/wp\/v2\/comments?post=109986"}],"version-history":[{"count":0,"href":"https:\/\/stylingagenten.com\/da\/wp-json\/wp\/v2\/product\/109986\/revisions"}],"wp:featuredmedia":[{"embeddable":true,"href":"https:\/\/stylingagenten.com\/da\/wp-json\/wp\/v2\/media\/109985"}],"wp:attachment":[{"href":"https:\/\/stylingagenten.com\/da\/wp-json\/wp\/v2\/media?parent=109986"}],"wp:term":[{"taxonomy":"product_brand","embeddable":true,"href":"https:\/\/stylingagenten.com\/da\/wp-json\/wp\/v2\/product_brand?post=109986"},{"taxonomy":"product_cat","embeddable":true,"href":"https:\/\/stylingagenten.com\/da\/wp-json\/wp\/v2\/product_cat?post=109986"},{"taxonomy":"product_tag","embeddable":true,"href":"https:\/\/stylingagenten.com\/da\/wp-json\/wp\/v2\/product_tag?post=109986"},{"taxonomy":"berocket_brand","embeddable":true,"href":"https:\/\/stylingagenten.com\/da\/wp-json\/wp\/v2\/berocket_brand?post=109986"}],"curies":[{"name":"wp","href":"https:\/\/api.w.org\/{rel}","templated":true}]}}