{"id":109976,"date":"2025-05-18T20:51:03","date_gmt":"2025-05-18T20:51:03","guid":{"rendered":"https:\/\/staging2.stylingagenten.com\/da\/produkt\/calvin-klein-ck-free-deostick-75ml\/"},"modified":"2026-04-11T15:38:47","modified_gmt":"2026-04-11T15:38:47","slug":"calvin-klein-ck-free-deostick-75ml","status":"publish","type":"product","link":"https:\/\/stylingagenten.com\/da\/produkt\/calvin-klein-ck-free-deostick-75ml\/","title":{"rendered":"Calvin Klein CK Free Deostick 75ml"},"content":{"rendered":"<p>Calvin Klein CK Free for Men Deostick er en aromatisk, varm og tr\u00e6agtig duft af opl\u00f8ftende friskhed og varm maskulinitet.<\/p>\n<p><strong>Duftnoter:<\/strong> absint, jackfruit, stjerneanis, eneb\u00e6r, buchuruta, ruskind, kaffe, tobaksblade, costaricansk jerntr\u00e6, eg, patchouli og cedertr\u00e6.<\/p>\n<\/p><\/p>\n","protected":false},"excerpt":{"rendered":"<p>Calvin Klein CK Free for Men Deostick er en aromatisk, varm og tr\u00e6agtig duft af opl\u00f8ftende friskhed og varm maskulinitet. Duftnoter: absint, jackfruit, stjerneanis, eneb\u00e6r, buchuruta, ruskind, kaffe, tobaksblade, costaricansk jerntr\u00e6, eg, patchouli og cedertr\u00e6.<\/p>\n","protected":false},"featured_media":109974,"comment_status":"open","ping_status":"closed","template":"","meta":{"_trash_the_other_posts":false},"product_brand":[],"product_cat":[1003,720,735,1000],"product_tag":[],"berocket_brand":[1014],"class_list":{"0":"post-109976","1":"product","2":"type-product","3":"status-publish","4":"has-post-thumbnail","6":"product_cat-bestsellere","7":"product_cat-deostick-herre","8":"product_cat-kampagne","9":"product_cat-kampagnetilbud-til-ham","10":"pa_brand-calvin-klein","11":"berocket_brand-calvin-klein","13":"first","14":"instock","15":"sale","16":"taxable","17":"shipping-taxable","18":"purchasable","19":"product-type-simple"},"_links":{"self":[{"href":"https:\/\/stylingagenten.com\/da\/wp-json\/wp\/v2\/product\/109976","targetHints":{"allow":["GET"]}}],"collection":[{"href":"https:\/\/stylingagenten.com\/da\/wp-json\/wp\/v2\/product"}],"about":[{"href":"https:\/\/stylingagenten.com\/da\/wp-json\/wp\/v2\/types\/product"}],"replies":[{"embeddable":true,"href":"https:\/\/stylingagenten.com\/da\/wp-json\/wp\/v2\/comments?post=109976"}],"version-history":[{"count":0,"href":"https:\/\/stylingagenten.com\/da\/wp-json\/wp\/v2\/product\/109976\/revisions"}],"wp:featuredmedia":[{"embeddable":true,"href":"https:\/\/stylingagenten.com\/da\/wp-json\/wp\/v2\/media\/109974"}],"wp:attachment":[{"href":"https:\/\/stylingagenten.com\/da\/wp-json\/wp\/v2\/media?parent=109976"}],"wp:term":[{"taxonomy":"product_brand","embeddable":true,"href":"https:\/\/stylingagenten.com\/da\/wp-json\/wp\/v2\/product_brand?post=109976"},{"taxonomy":"product_cat","embeddable":true,"href":"https:\/\/stylingagenten.com\/da\/wp-json\/wp\/v2\/product_cat?post=109976"},{"taxonomy":"product_tag","embeddable":true,"href":"https:\/\/stylingagenten.com\/da\/wp-json\/wp\/v2\/product_tag?post=109976"},{"taxonomy":"berocket_brand","embeddable":true,"href":"https:\/\/stylingagenten.com\/da\/wp-json\/wp\/v2\/berocket_brand?post=109976"}],"curies":[{"name":"wp","href":"https:\/\/api.w.org\/{rel}","templated":true}]}}