{"id":109954,"date":"2025-05-18T20:50:54","date_gmt":"2025-05-18T20:50:54","guid":{"rendered":"https:\/\/staging2.stylingagenten.com\/da\/produkt\/acqua-di-parma-colonia-essenza-deo-spray-150ml\/"},"modified":"2026-03-16T09:37:39","modified_gmt":"2026-03-16T09:37:39","slug":"acqua-di-parma-colonia-essenza-deo-spray-150ml","status":"publish","type":"product","link":"https:\/\/stylingagenten.com\/da\/produkt\/acqua-di-parma-colonia-essenza-deo-spray-150ml\/","title":{"rendered":"Acqua Di Parma Colonia Essenza Deo Spray 150ml"},"content":{"rendered":"<p>En deodorant, der bruger duften af Colonia Essenza til at skabe en f\u00f8lelse af friskhed og velv\u00e6re, der holder hele dagen.<br \/>\n<br \/>Duften \u00e5bner med friske citrusnoter af italiensk citron, appelsin og bergamot, som harmonerer smukt med en hjertenote af rosmarin, lilje og vetiver. Basenoterne best\u00e5r af tr\u00e6agtige akkorder og bl\u00f8d moskus, som tilsammen skaber en sofistikeret og vedvarende tilstedev\u00e6relse.<br \/>\n<br \/>150ml<\/p>\n","protected":false},"excerpt":{"rendered":"<p>En deodorant, der bruger duften af Colonia Essenza til at skabe en f\u00f8lelse af friskhed og velv\u00e6re, der holder hele dagen. Duften \u00e5bner med friske citrusnoter af italiensk citron, appelsin og bergamot, som harmonerer smukt med en hjertenote af rosmarin, lilje og vetiver. Basenoterne best\u00e5r af tr\u00e6agtige akkorder og bl\u00f8d moskus, som tilsammen skaber en [&hellip;]<\/p>\n","protected":false},"featured_media":109951,"comment_status":"open","ping_status":"closed","template":"","meta":{"_trash_the_other_posts":false},"product_brand":[],"product_cat":[722,735,1000],"product_tag":[],"berocket_brand":[1161],"class_list":{"0":"post-109954","1":"product","2":"type-product","3":"status-publish","4":"has-post-thumbnail","6":"product_cat-deospray-mr","7":"product_cat-kampagne","8":"product_cat-kampagnetilbud-til-ham","9":"pa_brand-acqua-di-parma","10":"berocket_brand-acqua-di-parma","12":"first","13":"instock","14":"sale","15":"taxable","16":"shipping-taxable","17":"purchasable","18":"product-type-simple"},"_links":{"self":[{"href":"https:\/\/stylingagenten.com\/da\/wp-json\/wp\/v2\/product\/109954","targetHints":{"allow":["GET"]}}],"collection":[{"href":"https:\/\/stylingagenten.com\/da\/wp-json\/wp\/v2\/product"}],"about":[{"href":"https:\/\/stylingagenten.com\/da\/wp-json\/wp\/v2\/types\/product"}],"replies":[{"embeddable":true,"href":"https:\/\/stylingagenten.com\/da\/wp-json\/wp\/v2\/comments?post=109954"}],"version-history":[{"count":0,"href":"https:\/\/stylingagenten.com\/da\/wp-json\/wp\/v2\/product\/109954\/revisions"}],"wp:featuredmedia":[{"embeddable":true,"href":"https:\/\/stylingagenten.com\/da\/wp-json\/wp\/v2\/media\/109951"}],"wp:attachment":[{"href":"https:\/\/stylingagenten.com\/da\/wp-json\/wp\/v2\/media?parent=109954"}],"wp:term":[{"taxonomy":"product_brand","embeddable":true,"href":"https:\/\/stylingagenten.com\/da\/wp-json\/wp\/v2\/product_brand?post=109954"},{"taxonomy":"product_cat","embeddable":true,"href":"https:\/\/stylingagenten.com\/da\/wp-json\/wp\/v2\/product_cat?post=109954"},{"taxonomy":"product_tag","embeddable":true,"href":"https:\/\/stylingagenten.com\/da\/wp-json\/wp\/v2\/product_tag?post=109954"},{"taxonomy":"berocket_brand","embeddable":true,"href":"https:\/\/stylingagenten.com\/da\/wp-json\/wp\/v2\/berocket_brand?post=109954"}],"curies":[{"name":"wp","href":"https:\/\/api.w.org\/{rel}","templated":true}]}}