{"id":109953,"date":"2025-05-18T20:50:54","date_gmt":"2025-05-18T20:50:54","guid":{"rendered":"https:\/\/staging2.stylingagenten.com\/da\/produkt\/calvin-klein-eternity-reflections-for-men-edt-100ml\/"},"modified":"2026-04-14T21:08:49","modified_gmt":"2026-04-14T21:08:49","slug":"calvin-klein-eternity-reflections-for-men-edt-100ml","status":"publish","type":"product","link":"https:\/\/stylingagenten.com\/da\/produkt\/calvin-klein-eternity-reflections-for-men-edt-100ml\/","title":{"rendered":"Calvin Klein Eternity Reflections For Men Edt 100ml"},"content":{"rendered":"<p>Calvin Klein Eternity Reflections Eau de Toilette for Men er en aromatisk foug\u00e8re-duft, der \u00e5bner med gr\u00f8nne noter af absint. Hjertets l\u00e6kre chokolade-noter giver duften et uventet twist. Egmosse kombineres med sensuelt sandeltr\u00e6 og giver en fyldig struktur, der er n\u00f8glen i Eternity-dufte.<\/p>\n<p>100ml<\/p>\n","protected":false},"excerpt":{"rendered":"<p>Calvin Klein Eternity Reflections Eau de Toilette for Men er en aromatisk foug\u00e8re-duft, der \u00e5bner med gr\u00f8nne noter af absint. Hjertets l\u00e6kre chokolade-noter giver duften et uventet twist. Egmosse kombineres med sensuelt sandeltr\u00e6 og giver en fyldig struktur, der er n\u00f8glen i Eternity-dufte. 100ml<\/p>\n","protected":false},"featured_media":109947,"comment_status":"open","ping_status":"closed","template":"","meta":{"_trash_the_other_posts":false},"product_brand":[],"product_cat":[709,735,1000],"product_tag":[],"berocket_brand":[1014],"class_list":{"0":"post-109953","1":"product","2":"type-product","3":"status-publish","4":"has-post-thumbnail","6":"product_cat-eau-de-toilette-mr","7":"product_cat-kampagne","8":"product_cat-kampagnetilbud-til-ham","9":"pa_brand-calvin-klein","10":"berocket_brand-calvin-klein","12":"first","13":"instock","14":"sale","15":"taxable","16":"shipping-taxable","17":"purchasable","18":"product-type-simple"},"_links":{"self":[{"href":"https:\/\/stylingagenten.com\/da\/wp-json\/wp\/v2\/product\/109953","targetHints":{"allow":["GET"]}}],"collection":[{"href":"https:\/\/stylingagenten.com\/da\/wp-json\/wp\/v2\/product"}],"about":[{"href":"https:\/\/stylingagenten.com\/da\/wp-json\/wp\/v2\/types\/product"}],"replies":[{"embeddable":true,"href":"https:\/\/stylingagenten.com\/da\/wp-json\/wp\/v2\/comments?post=109953"}],"version-history":[{"count":0,"href":"https:\/\/stylingagenten.com\/da\/wp-json\/wp\/v2\/product\/109953\/revisions"}],"wp:featuredmedia":[{"embeddable":true,"href":"https:\/\/stylingagenten.com\/da\/wp-json\/wp\/v2\/media\/109947"}],"wp:attachment":[{"href":"https:\/\/stylingagenten.com\/da\/wp-json\/wp\/v2\/media?parent=109953"}],"wp:term":[{"taxonomy":"product_brand","embeddable":true,"href":"https:\/\/stylingagenten.com\/da\/wp-json\/wp\/v2\/product_brand?post=109953"},{"taxonomy":"product_cat","embeddable":true,"href":"https:\/\/stylingagenten.com\/da\/wp-json\/wp\/v2\/product_cat?post=109953"},{"taxonomy":"product_tag","embeddable":true,"href":"https:\/\/stylingagenten.com\/da\/wp-json\/wp\/v2\/product_tag?post=109953"},{"taxonomy":"berocket_brand","embeddable":true,"href":"https:\/\/stylingagenten.com\/da\/wp-json\/wp\/v2\/berocket_brand?post=109953"}],"curies":[{"name":"wp","href":"https:\/\/api.w.org\/{rel}","templated":true}]}}