{"id":109929,"date":"2025-05-18T20:50:46","date_gmt":"2025-05-18T20:50:46","guid":{"rendered":"https:\/\/staging2.stylingagenten.com\/da\/produkt\/diesel-bad-all-over-body-spray-200ml\/"},"modified":"2026-04-13T11:58:30","modified_gmt":"2026-04-13T11:58:30","slug":"diesel-bad-all-over-body-spray-200ml","status":"publish","type":"product","link":"https:\/\/stylingagenten.com\/da\/produkt\/diesel-bad-all-over-body-spray-200ml\/","title":{"rendered":"Diesel Bad All Over Body Spray 200ml"},"content":{"rendered":"<p>Nu kommer Diesel BAD i et nyt format, der er nemt at tage med og som perfekt matcher den vanedannende personlighed hos m\u00e6nd, der b\u00e6rer den. Ved hj\u00e6lp af luftdrevet aluminiumspray reduceres milj\u00f8p\u00e5virkningen i dette seje og moderne produkt.<\/p>\n<p>Vores forfriskende BAD Body Spray har de samme sensuelle duftnoter som originalduften. Sp\u00e6ndende tr\u00e6- og frugtnoter er kombineret med varme krydderier i denne frugtige gr\u00f8nne duft. Den distinkte friskhed af et bergamotakkord \u00e5bner op for en uimodst\u00e5elig kaviarakkord.<\/p>\n<p>Diesel BAD duften for moderne eventyrere: forf\u00f8rende, vanedannende og omv\u00e6ltende. Et livseliksir for drenge, der vil leve livet fuldt ud: Brug med forsigtighed.<\/p>\n<p>200 ml<\/p>\n","protected":false},"excerpt":{"rendered":"<p>Nu kommer Diesel BAD i et nyt format, der er nemt at tage med og som perfekt matcher den vanedannende personlighed hos m\u00e6nd, der b\u00e6rer den. Ved hj\u00e6lp af luftdrevet aluminiumspray reduceres milj\u00f8p\u00e5virkningen i dette seje og moderne produkt. Vores forfriskende BAD Body Spray har de samme sensuelle duftnoter som originalduften. Sp\u00e6ndende tr\u00e6- og frugtnoter [&hellip;]<\/p>\n","protected":false},"featured_media":109920,"comment_status":"open","ping_status":"closed","template":"","meta":{"_trash_the_other_posts":false},"product_brand":[],"product_cat":[722,735,1000],"product_tag":[],"berocket_brand":[1288],"class_list":{"0":"post-109929","1":"product","2":"type-product","3":"status-publish","4":"has-post-thumbnail","6":"product_cat-deospray-mr","7":"product_cat-kampagne","8":"product_cat-kampagnetilbud-til-ham","9":"pa_brand-diesel","10":"berocket_brand-diesel","12":"first","13":"instock","14":"sale","15":"taxable","16":"shipping-taxable","17":"purchasable","18":"product-type-simple"},"_links":{"self":[{"href":"https:\/\/stylingagenten.com\/da\/wp-json\/wp\/v2\/product\/109929","targetHints":{"allow":["GET"]}}],"collection":[{"href":"https:\/\/stylingagenten.com\/da\/wp-json\/wp\/v2\/product"}],"about":[{"href":"https:\/\/stylingagenten.com\/da\/wp-json\/wp\/v2\/types\/product"}],"replies":[{"embeddable":true,"href":"https:\/\/stylingagenten.com\/da\/wp-json\/wp\/v2\/comments?post=109929"}],"version-history":[{"count":0,"href":"https:\/\/stylingagenten.com\/da\/wp-json\/wp\/v2\/product\/109929\/revisions"}],"wp:featuredmedia":[{"embeddable":true,"href":"https:\/\/stylingagenten.com\/da\/wp-json\/wp\/v2\/media\/109920"}],"wp:attachment":[{"href":"https:\/\/stylingagenten.com\/da\/wp-json\/wp\/v2\/media?parent=109929"}],"wp:term":[{"taxonomy":"product_brand","embeddable":true,"href":"https:\/\/stylingagenten.com\/da\/wp-json\/wp\/v2\/product_brand?post=109929"},{"taxonomy":"product_cat","embeddable":true,"href":"https:\/\/stylingagenten.com\/da\/wp-json\/wp\/v2\/product_cat?post=109929"},{"taxonomy":"product_tag","embeddable":true,"href":"https:\/\/stylingagenten.com\/da\/wp-json\/wp\/v2\/product_tag?post=109929"},{"taxonomy":"berocket_brand","embeddable":true,"href":"https:\/\/stylingagenten.com\/da\/wp-json\/wp\/v2\/berocket_brand?post=109929"}],"curies":[{"name":"wp","href":"https:\/\/api.w.org\/{rel}","templated":true}]}}