{"id":109901,"date":"2025-05-18T20:50:36","date_gmt":"2025-05-18T20:50:36","guid":{"rendered":"https:\/\/staging2.stylingagenten.com\/da\/produkt\/cacharel-amor-amor-deodorant-spray-150ml\/"},"modified":"2025-12-18T21:23:47","modified_gmt":"2025-12-18T21:23:47","slug":"cacharel-amor-amor-deodorant-spray-150ml","status":"publish","type":"product","link":"https:\/\/stylingagenten.com\/da\/produkt\/cacharel-amor-amor-deodorant-spray-150ml\/","title":{"rendered":"Cacharel Amor Amor Deodorant Spray 150ml"},"content":{"rendered":"<p>Cacharel Amor Amor Deodorant Spray er en gener\u00f8st frugtagtig, blomsterduftende sprayspray, der udvikler sin magiske tiltr\u00e6kningskraft allerede inden for de f\u00f8rste sekunder. Den, der b\u00e6rer den, er omgivet af den diskrete blomsterduft, der er uimodst\u00e5eligt forf\u00f8rende og harmonisk. Nu eller aldrig. K\u00e6rlighed tillader ingen forsinkelser.<br \/>\n<br \/>150ml<\/p>\n","protected":false},"excerpt":{"rendered":"<p>Cacharel Amor Amor Deodorant Spray er en gener\u00f8st frugtagtig, blomsterduftende sprayspray, der udvikler sin magiske tiltr\u00e6kningskraft allerede inden for de f\u00f8rste sekunder. Den, der b\u00e6rer den, er omgivet af den diskrete blomsterduft, der er uimodst\u00e5eligt forf\u00f8rende og harmonisk. Nu eller aldrig. K\u00e6rlighed tillader ingen forsinkelser. 150ml<\/p>\n","protected":false},"featured_media":109895,"comment_status":"open","ping_status":"closed","template":"","meta":{"_trash_the_other_posts":false},"product_brand":[],"product_cat":[721],"product_tag":[],"berocket_brand":[1098],"class_list":{"0":"post-109901","1":"product","2":"type-product","3":"status-publish","4":"has-post-thumbnail","6":"product_cat-deospray-fordoemmende","7":"pa_brand-cacharel","8":"berocket_brand-cacharel","10":"first","11":"outofstock","12":"sale","13":"taxable","14":"shipping-taxable","15":"purchasable","16":"product-type-simple"},"_links":{"self":[{"href":"https:\/\/stylingagenten.com\/da\/wp-json\/wp\/v2\/product\/109901","targetHints":{"allow":["GET"]}}],"collection":[{"href":"https:\/\/stylingagenten.com\/da\/wp-json\/wp\/v2\/product"}],"about":[{"href":"https:\/\/stylingagenten.com\/da\/wp-json\/wp\/v2\/types\/product"}],"replies":[{"embeddable":true,"href":"https:\/\/stylingagenten.com\/da\/wp-json\/wp\/v2\/comments?post=109901"}],"version-history":[{"count":0,"href":"https:\/\/stylingagenten.com\/da\/wp-json\/wp\/v2\/product\/109901\/revisions"}],"wp:featuredmedia":[{"embeddable":true,"href":"https:\/\/stylingagenten.com\/da\/wp-json\/wp\/v2\/media\/109895"}],"wp:attachment":[{"href":"https:\/\/stylingagenten.com\/da\/wp-json\/wp\/v2\/media?parent=109901"}],"wp:term":[{"taxonomy":"product_brand","embeddable":true,"href":"https:\/\/stylingagenten.com\/da\/wp-json\/wp\/v2\/product_brand?post=109901"},{"taxonomy":"product_cat","embeddable":true,"href":"https:\/\/stylingagenten.com\/da\/wp-json\/wp\/v2\/product_cat?post=109901"},{"taxonomy":"product_tag","embeddable":true,"href":"https:\/\/stylingagenten.com\/da\/wp-json\/wp\/v2\/product_tag?post=109901"},{"taxonomy":"berocket_brand","embeddable":true,"href":"https:\/\/stylingagenten.com\/da\/wp-json\/wp\/v2\/berocket_brand?post=109901"}],"curies":[{"name":"wp","href":"https:\/\/api.w.org\/{rel}","templated":true}]}}