{"id":109882,"date":"2025-05-18T20:50:31","date_gmt":"2025-05-18T20:50:31","guid":{"rendered":"https:\/\/staging2.stylingagenten.com\/da\/produkt\/babor-hy-ol-cleanser-200ml\/"},"modified":"2026-04-09T06:39:05","modified_gmt":"2026-04-09T06:39:05","slug":"babor-hy-ol-cleanser-200ml","status":"publish","type":"product","link":"https:\/\/stylingagenten.com\/da\/produkt\/babor-hy-ol-cleanser-200ml\/","title":{"rendered":"BABOR HY-\u00d6l Cleanser 200ml"},"content":{"rendered":"<p>BABOR HY-\u00d6L Cleanser er en unik 2-faset rens udviklet med patent siden 1955. Dr. Michael BABOR var den f\u00f8rste, der opdagede kombinationen af olie og vand, som giver den mest ideelle dybderensende effekt p\u00e5 huden. Hydrofile, vandelskende planteolier sammen med Phyto HY-\u00d6L\u00ae Booster binder og fjerner b\u00e5de vand- og fedtopl\u00f8selige stoffer p\u00e5 huden. En effektiv dybderens, der bevarer hudens naturlige beskyttende barriere. Huden bliver perfekt renset, f\u00f8les hverken fedtet eller stram, men balanceret og frem for alt ren. Velegnet til alle hudtyper\/hudtilstande.<\/p>\n<p>200ml<\/p>\n","protected":false},"excerpt":{"rendered":"<p>BABOR HY-\u00d6L Cleanser er en unik 2-faset rens udviklet med patent siden 1955. Dr. Michael BABOR var den f\u00f8rste, der opdagede kombinationen af olie og vand, som giver den mest ideelle dybderensende effekt p\u00e5 huden. Hydrofile, vandelskende planteolier sammen med Phyto HY-\u00d6L\u00ae Booster binder og fjerner b\u00e5de vand- og fedtopl\u00f8selige stoffer p\u00e5 huden. En effektiv [&hellip;]<\/p>\n","protected":false},"featured_media":109869,"comment_status":"open","ping_status":"closed","template":"","meta":{"_trash_the_other_posts":false},"product_brand":[],"product_cat":[609,735,1000,999],"product_tag":[],"berocket_brand":[1987],"class_list":{"0":"post-109882","1":"product","2":"type-product","3":"status-publish","4":"has-post-thumbnail","6":"product_cat-ansigtsudrensning","7":"product_cat-kampagne","8":"product_cat-kampagnetilbud-til-ham","9":"product_cat-kampagnetilbud-til-hende","10":"pa_brand-babor","11":"berocket_brand-babor","13":"first","14":"instock","15":"sale","16":"taxable","17":"shipping-taxable","18":"purchasable","19":"product-type-simple"},"_links":{"self":[{"href":"https:\/\/stylingagenten.com\/da\/wp-json\/wp\/v2\/product\/109882","targetHints":{"allow":["GET"]}}],"collection":[{"href":"https:\/\/stylingagenten.com\/da\/wp-json\/wp\/v2\/product"}],"about":[{"href":"https:\/\/stylingagenten.com\/da\/wp-json\/wp\/v2\/types\/product"}],"replies":[{"embeddable":true,"href":"https:\/\/stylingagenten.com\/da\/wp-json\/wp\/v2\/comments?post=109882"}],"version-history":[{"count":0,"href":"https:\/\/stylingagenten.com\/da\/wp-json\/wp\/v2\/product\/109882\/revisions"}],"wp:featuredmedia":[{"embeddable":true,"href":"https:\/\/stylingagenten.com\/da\/wp-json\/wp\/v2\/media\/109869"}],"wp:attachment":[{"href":"https:\/\/stylingagenten.com\/da\/wp-json\/wp\/v2\/media?parent=109882"}],"wp:term":[{"taxonomy":"product_brand","embeddable":true,"href":"https:\/\/stylingagenten.com\/da\/wp-json\/wp\/v2\/product_brand?post=109882"},{"taxonomy":"product_cat","embeddable":true,"href":"https:\/\/stylingagenten.com\/da\/wp-json\/wp\/v2\/product_cat?post=109882"},{"taxonomy":"product_tag","embeddable":true,"href":"https:\/\/stylingagenten.com\/da\/wp-json\/wp\/v2\/product_tag?post=109882"},{"taxonomy":"berocket_brand","embeddable":true,"href":"https:\/\/stylingagenten.com\/da\/wp-json\/wp\/v2\/berocket_brand?post=109882"}],"curies":[{"name":"wp","href":"https:\/\/api.w.org\/{rel}","templated":true}]}}