{"id":109847,"date":"2025-05-18T20:50:21","date_gmt":"2025-05-18T20:50:21","guid":{"rendered":"https:\/\/staging2.stylingagenten.com\/da\/produkt\/babor-gentle-peeling-cream-50ml\/"},"modified":"2026-03-27T06:28:29","modified_gmt":"2026-03-27T06:28:29","slug":"babor-gentle-peeling-cream-50ml","status":"publish","type":"product","link":"https:\/\/stylingagenten.com\/da\/produkt\/babor-gentle-peeling-cream-50ml\/","title":{"rendered":"BABOR Gentle Peeling Cream 50ml"},"content":{"rendered":"<p>BABOR Gentle Peeling Cream er en mild ansigtsskrubbe med eksfolierende korn af naturlig cellulose og jojobavoks, som effektivt fjerner d\u00f8de hudceller. Hudfornyelsen stimuleres, hudens overflade bliver j\u00e6vnere, og hudens evne til at optage efterf\u00f8lgende produkter forbedres. Med en base af sheasm\u00f8r og mandelolie, toppet med probiotika, beskytter det hudens fedtsyremantel og holder mikrobiomet i balance. Proteinekstrakt fra moringafr\u00f8 beskytter huden mod negativ milj\u00f8relateret stress. Giver synligt j\u00e6vnere og friskere hud med naturlig gl\u00f8d efter kun \u00e9n brug.<\/p>\n<p>50ml<\/p>\n","protected":false},"excerpt":{"rendered":"<p>BABOR Gentle Peeling Cream er en mild ansigtsskrubbe med eksfolierende korn af naturlig cellulose og jojobavoks, som effektivt fjerner d\u00f8de hudceller. Hudfornyelsen stimuleres, hudens overflade bliver j\u00e6vnere, og hudens evne til at optage efterf\u00f8lgende produkter forbedres. Med en base af sheasm\u00f8r og mandelolie, toppet med probiotika, beskytter det hudens fedtsyremantel og holder mikrobiomet i balance. [&hellip;]<\/p>\n","protected":false},"featured_media":109842,"comment_status":"open","ping_status":"closed","template":"","meta":{"_trash_the_other_posts":false},"product_brand":[],"product_cat":[619,735,1000,999],"product_tag":[],"berocket_brand":[1987],"class_list":{"0":"post-109847","1":"product","2":"type-product","3":"status-publish","4":"has-post-thumbnail","6":"product_cat-ansigts-peeling","7":"product_cat-kampagne","8":"product_cat-kampagnetilbud-til-ham","9":"product_cat-kampagnetilbud-til-hende","10":"pa_brand-babor","11":"berocket_brand-babor","13":"first","14":"instock","15":"sale","16":"taxable","17":"shipping-taxable","18":"purchasable","19":"product-type-simple"},"_links":{"self":[{"href":"https:\/\/stylingagenten.com\/da\/wp-json\/wp\/v2\/product\/109847","targetHints":{"allow":["GET"]}}],"collection":[{"href":"https:\/\/stylingagenten.com\/da\/wp-json\/wp\/v2\/product"}],"about":[{"href":"https:\/\/stylingagenten.com\/da\/wp-json\/wp\/v2\/types\/product"}],"replies":[{"embeddable":true,"href":"https:\/\/stylingagenten.com\/da\/wp-json\/wp\/v2\/comments?post=109847"}],"version-history":[{"count":0,"href":"https:\/\/stylingagenten.com\/da\/wp-json\/wp\/v2\/product\/109847\/revisions"}],"wp:featuredmedia":[{"embeddable":true,"href":"https:\/\/stylingagenten.com\/da\/wp-json\/wp\/v2\/media\/109842"}],"wp:attachment":[{"href":"https:\/\/stylingagenten.com\/da\/wp-json\/wp\/v2\/media?parent=109847"}],"wp:term":[{"taxonomy":"product_brand","embeddable":true,"href":"https:\/\/stylingagenten.com\/da\/wp-json\/wp\/v2\/product_brand?post=109847"},{"taxonomy":"product_cat","embeddable":true,"href":"https:\/\/stylingagenten.com\/da\/wp-json\/wp\/v2\/product_cat?post=109847"},{"taxonomy":"product_tag","embeddable":true,"href":"https:\/\/stylingagenten.com\/da\/wp-json\/wp\/v2\/product_tag?post=109847"},{"taxonomy":"berocket_brand","embeddable":true,"href":"https:\/\/stylingagenten.com\/da\/wp-json\/wp\/v2\/berocket_brand?post=109847"}],"curies":[{"name":"wp","href":"https:\/\/api.w.org\/{rel}","templated":true}]}}