{"id":109843,"date":"2025-05-18T20:50:20","date_gmt":"2025-05-18T20:50:20","guid":{"rendered":"https:\/\/staging2.stylingagenten.com\/da\/produkt\/3-pack-calvin-klein-ck-one-deostick-75ml\/"},"modified":"2026-04-14T12:08:42","modified_gmt":"2026-04-14T12:08:42","slug":"3-pack-calvin-klein-ck-one-deostick-75ml","status":"publish","type":"product","link":"https:\/\/stylingagenten.com\/da\/produkt\/3-pack-calvin-klein-ck-one-deostick-75ml\/","title":{"rendered":"3-pack Calvin Klein CK One Deostick 75ml"},"content":{"rendered":"<p><strong>3-pak Calvin Klein CK One Deostick 75ml<\/strong><br \/>Deodorantstick i samme gode duft som parfumen.<\/p>\n<p>Calvin Klein CK One er en tidl\u00f8s unisex parfume med en frisk forfriskende og frugtagtig duft.<br \/>Duftnoter: bergamot, mandarin, kardemomme, jasmin, ananas, papaya, rav, muskatn\u00f8d, sandeltr\u00e6; og gr\u00f8n te.<\/p>\n","protected":false},"excerpt":{"rendered":"<p>3-pak Calvin Klein CK One Deostick 75mlDeodorantstick i samme gode duft som parfumen. Calvin Klein CK One er en tidl\u00f8s unisex parfume med en frisk forfriskende og frugtagtig duft.Duftnoter: bergamot, mandarin, kardemomme, jasmin, ananas, papaya, rav, muskatn\u00f8d, sandeltr\u00e6; og gr\u00f8n te.<\/p>\n","protected":false},"featured_media":109840,"comment_status":"open","ping_status":"closed","template":"","meta":{"_trash_the_other_posts":false},"product_brand":[],"product_cat":[1003,749,735,1000,999,670],"product_tag":[],"berocket_brand":[1014],"class_list":{"0":"post-109843","1":"product","2":"type-product","3":"status-publish","4":"has-post-thumbnail","6":"product_cat-bestsellere","7":"product_cat-calvin-klein-ck-one","8":"product_cat-kampagne","9":"product_cat-kampagnetilbud-til-ham","10":"product_cat-kampagnetilbud-til-hende","11":"product_cat-multipack-deodorant","12":"pa_brand-calvin-klein","13":"berocket_brand-calvin-klein","15":"first","16":"instock","17":"sale","18":"taxable","19":"shipping-taxable","20":"purchasable","21":"product-type-simple"},"_links":{"self":[{"href":"https:\/\/stylingagenten.com\/da\/wp-json\/wp\/v2\/product\/109843","targetHints":{"allow":["GET"]}}],"collection":[{"href":"https:\/\/stylingagenten.com\/da\/wp-json\/wp\/v2\/product"}],"about":[{"href":"https:\/\/stylingagenten.com\/da\/wp-json\/wp\/v2\/types\/product"}],"replies":[{"embeddable":true,"href":"https:\/\/stylingagenten.com\/da\/wp-json\/wp\/v2\/comments?post=109843"}],"version-history":[{"count":0,"href":"https:\/\/stylingagenten.com\/da\/wp-json\/wp\/v2\/product\/109843\/revisions"}],"wp:featuredmedia":[{"embeddable":true,"href":"https:\/\/stylingagenten.com\/da\/wp-json\/wp\/v2\/media\/109840"}],"wp:attachment":[{"href":"https:\/\/stylingagenten.com\/da\/wp-json\/wp\/v2\/media?parent=109843"}],"wp:term":[{"taxonomy":"product_brand","embeddable":true,"href":"https:\/\/stylingagenten.com\/da\/wp-json\/wp\/v2\/product_brand?post=109843"},{"taxonomy":"product_cat","embeddable":true,"href":"https:\/\/stylingagenten.com\/da\/wp-json\/wp\/v2\/product_cat?post=109843"},{"taxonomy":"product_tag","embeddable":true,"href":"https:\/\/stylingagenten.com\/da\/wp-json\/wp\/v2\/product_tag?post=109843"},{"taxonomy":"berocket_brand","embeddable":true,"href":"https:\/\/stylingagenten.com\/da\/wp-json\/wp\/v2\/berocket_brand?post=109843"}],"curies":[{"name":"wp","href":"https:\/\/api.w.org\/{rel}","templated":true}]}}