{"id":109837,"date":"2025-05-18T20:50:17","date_gmt":"2025-05-18T20:50:17","guid":{"rendered":"https:\/\/staging2.stylingagenten.com\/da\/produkt\/3-pack-calvin-klein-ck-free-deostick-75ml\/"},"modified":"2026-04-13T07:09:30","modified_gmt":"2026-04-13T07:09:30","slug":"3-pack-calvin-klein-ck-free-deostick-75ml","status":"publish","type":"product","link":"https:\/\/stylingagenten.com\/da\/produkt\/3-pack-calvin-klein-ck-free-deostick-75ml\/","title":{"rendered":"3-pack Calvin Klein CK Free Deostick 75ml"},"content":{"rendered":"<p><strong>3-pak Calvin Klein CK Free Deostick 75ml<\/strong><br \/>Deodorantstick i samme gode duft som parfumen.<\/p>\n<p>&nbsp;Calvin Klein CK Free for Men Deostick &amp;auml ;r en aromatisk, varm og dv\u00e6lende duft af opl\u00f8ftende frugt og varm maskulinitet. tobaksblade, costaricansk cedertr\u00e6, eg, patchouli og cedertr\u00e6.<\/p>\n","protected":false},"excerpt":{"rendered":"<p>3-pak Calvin Klein CK Free Deostick 75mlDeodorantstick i samme gode duft som parfumen. &nbsp;Calvin Klein CK Free for Men Deostick &amp;auml ;r en aromatisk, varm og dv\u00e6lende duft af opl\u00f8ftende frugt og varm maskulinitet. tobaksblade, costaricansk cedertr\u00e6, eg, patchouli og cedertr\u00e6.<\/p>\n","protected":false},"featured_media":109833,"comment_status":"open","ping_status":"closed","template":"","meta":{"_trash_the_other_posts":false},"product_brand":[],"product_cat":[1003,735,1000,999,670],"product_tag":[],"berocket_brand":[1014],"class_list":{"0":"post-109837","1":"product","2":"type-product","3":"status-publish","4":"has-post-thumbnail","6":"product_cat-bestsellere","7":"product_cat-kampagne","8":"product_cat-kampagnetilbud-til-ham","9":"product_cat-kampagnetilbud-til-hende","10":"product_cat-multipack-deodorant","11":"pa_brand-calvin-klein","12":"berocket_brand-calvin-klein","14":"first","15":"instock","16":"sale","17":"taxable","18":"shipping-taxable","19":"purchasable","20":"product-type-simple"},"_links":{"self":[{"href":"https:\/\/stylingagenten.com\/da\/wp-json\/wp\/v2\/product\/109837","targetHints":{"allow":["GET"]}}],"collection":[{"href":"https:\/\/stylingagenten.com\/da\/wp-json\/wp\/v2\/product"}],"about":[{"href":"https:\/\/stylingagenten.com\/da\/wp-json\/wp\/v2\/types\/product"}],"replies":[{"embeddable":true,"href":"https:\/\/stylingagenten.com\/da\/wp-json\/wp\/v2\/comments?post=109837"}],"version-history":[{"count":0,"href":"https:\/\/stylingagenten.com\/da\/wp-json\/wp\/v2\/product\/109837\/revisions"}],"wp:featuredmedia":[{"embeddable":true,"href":"https:\/\/stylingagenten.com\/da\/wp-json\/wp\/v2\/media\/109833"}],"wp:attachment":[{"href":"https:\/\/stylingagenten.com\/da\/wp-json\/wp\/v2\/media?parent=109837"}],"wp:term":[{"taxonomy":"product_brand","embeddable":true,"href":"https:\/\/stylingagenten.com\/da\/wp-json\/wp\/v2\/product_brand?post=109837"},{"taxonomy":"product_cat","embeddable":true,"href":"https:\/\/stylingagenten.com\/da\/wp-json\/wp\/v2\/product_cat?post=109837"},{"taxonomy":"product_tag","embeddable":true,"href":"https:\/\/stylingagenten.com\/da\/wp-json\/wp\/v2\/product_tag?post=109837"},{"taxonomy":"berocket_brand","embeddable":true,"href":"https:\/\/stylingagenten.com\/da\/wp-json\/wp\/v2\/berocket_brand?post=109837"}],"curies":[{"name":"wp","href":"https:\/\/api.w.org\/{rel}","templated":true}]}}