{"id":109836,"date":"2025-05-18T20:50:17","date_gmt":"2025-05-18T20:50:17","guid":{"rendered":"https:\/\/staging2.stylingagenten.com\/da\/produkt\/2-pack-calvin-klein-ck-one-deostick-75ml\/"},"modified":"2026-04-13T12:24:28","modified_gmt":"2026-04-13T12:24:28","slug":"2-pack-calvin-klein-ck-one-deostick-75ml","status":"publish","type":"product","link":"https:\/\/stylingagenten.com\/da\/produkt\/2-pack-calvin-klein-ck-one-deostick-75ml\/","title":{"rendered":"2-pack Calvin Klein CK One Deostick 75ml"},"content":{"rendered":"<p>Calvin Klein CK One er en s\u00e6sonbestemt unisex parfume med en frisk, forfriskende og frugtagtig duft.<\/p>\n<p><strong>Duftnoter:<\/strong> bergamot, mandarin, kardemomme, jasmin, ananas, papaya, rav , muskatn\u00f8d, sandeltr\u00e6&auml; og gr\u00f8n te.<\/p>\n","protected":false},"excerpt":{"rendered":"<p>Calvin Klein CK One er en s\u00e6sonbestemt unisex parfume med en frisk, forfriskende og frugtagtig duft. Duftnoter: bergamot, mandarin, kardemomme, jasmin, ananas, papaya, rav , muskatn\u00f8d, sandeltr\u00e6&auml; og gr\u00f8n te.<\/p>\n","protected":false},"featured_media":109832,"comment_status":"open","ping_status":"closed","template":"","meta":{"_trash_the_other_posts":false},"product_brand":[],"product_cat":[1003,749,735,1000,999,670],"product_tag":[],"berocket_brand":[1014],"class_list":{"0":"post-109836","1":"product","2":"type-product","3":"status-publish","4":"has-post-thumbnail","6":"product_cat-bestsellere","7":"product_cat-calvin-klein-ck-one","8":"product_cat-kampagne","9":"product_cat-kampagnetilbud-til-ham","10":"product_cat-kampagnetilbud-til-hende","11":"product_cat-multipack-deodorant","12":"pa_brand-calvin-klein","13":"berocket_brand-calvin-klein","15":"first","16":"instock","17":"sale","18":"taxable","19":"shipping-taxable","20":"purchasable","21":"product-type-simple"},"_links":{"self":[{"href":"https:\/\/stylingagenten.com\/da\/wp-json\/wp\/v2\/product\/109836","targetHints":{"allow":["GET"]}}],"collection":[{"href":"https:\/\/stylingagenten.com\/da\/wp-json\/wp\/v2\/product"}],"about":[{"href":"https:\/\/stylingagenten.com\/da\/wp-json\/wp\/v2\/types\/product"}],"replies":[{"embeddable":true,"href":"https:\/\/stylingagenten.com\/da\/wp-json\/wp\/v2\/comments?post=109836"}],"version-history":[{"count":0,"href":"https:\/\/stylingagenten.com\/da\/wp-json\/wp\/v2\/product\/109836\/revisions"}],"wp:featuredmedia":[{"embeddable":true,"href":"https:\/\/stylingagenten.com\/da\/wp-json\/wp\/v2\/media\/109832"}],"wp:attachment":[{"href":"https:\/\/stylingagenten.com\/da\/wp-json\/wp\/v2\/media?parent=109836"}],"wp:term":[{"taxonomy":"product_brand","embeddable":true,"href":"https:\/\/stylingagenten.com\/da\/wp-json\/wp\/v2\/product_brand?post=109836"},{"taxonomy":"product_cat","embeddable":true,"href":"https:\/\/stylingagenten.com\/da\/wp-json\/wp\/v2\/product_cat?post=109836"},{"taxonomy":"product_tag","embeddable":true,"href":"https:\/\/stylingagenten.com\/da\/wp-json\/wp\/v2\/product_tag?post=109836"},{"taxonomy":"berocket_brand","embeddable":true,"href":"https:\/\/stylingagenten.com\/da\/wp-json\/wp\/v2\/berocket_brand?post=109836"}],"curies":[{"name":"wp","href":"https:\/\/api.w.org\/{rel}","templated":true}]}}