{"id":109825,"date":"2025-05-18T20:50:14","date_gmt":"2025-05-18T20:50:14","guid":{"rendered":"https:\/\/staging2.stylingagenten.com\/da\/produkt\/3-pack-calvin-klein-deostick-eternity-ck-one-ck-be-75ml\/"},"modified":"2026-04-13T12:35:37","modified_gmt":"2026-04-13T12:35:37","slug":"3-pack-calvin-klein-deostick-eternity-ck-one-ck-be-75ml","status":"publish","type":"product","link":"https:\/\/stylingagenten.com\/da\/produkt\/3-pack-calvin-klein-deostick-eternity-ck-one-ck-be-75ml\/","title":{"rendered":"3-pack Calvin Klein Deostick (Eternity + CK One + CK Be 75ml)"},"content":{"rendered":"<p><strong>3-pak Calvin Klein Deostick &#8211; Eternity, CK One, CK Be<\/strong><br \/>Deodorantstick i samme gode duft som parfumerne.<\/p>\n<p><strong>Calvin Klein Eternity for Men<\/strong>er en varm, maskulin og aromatisk duft.<br \/>Duftnoter<strong>:<\/strong> bergamot, lavendel, citron, appelsinblomst, koriander, salvie, eneb\u00e6r, lilje, sandeltr\u00e6, palisander; , rav og moskus.<\/p>\n<p><strong>Calvin Klein CK One<\/strong> er en s\u00e6sonbestemt unisex parfume med en frisk forfriskende og frugtagtig duft.<br \/>Duftnoter: bergamot, mandarin, kardemomme, jasmin, ananas, papaya, rav, muskatn\u00f8d, sandeltr\u00e6&auml; og gr\u00f8n te.<\/p>\n<p><strong>Calvin Klein CK Be<\/strong> er en klassisk unisex-duft, der er noget fyldigere og mere orientalsk end CK One.<br \/> Duftnoter:<strong>&nbsp;<\/strong>bergamot, mandarin, eneb\u00e6r, mynte, magnolia, fersken, krydderier, rav, sandeltr\u00e6; og tonkab&ouml;na.<\/p>\n","protected":false},"excerpt":{"rendered":"<p>3-pak Calvin Klein Deostick &#8211; Eternity, CK One, CK BeDeodorantstick i samme gode duft som parfumerne. Calvin Klein Eternity for Mener en varm, maskulin og aromatisk duft.Duftnoter: bergamot, lavendel, citron, appelsinblomst, koriander, salvie, eneb\u00e6r, lilje, sandeltr\u00e6, palisander; , rav og moskus. Calvin Klein CK One er en s\u00e6sonbestemt unisex parfume med en frisk forfriskende og [&hellip;]<\/p>\n","protected":false},"featured_media":109823,"comment_status":"open","ping_status":"closed","template":"","meta":{"_trash_the_other_posts":false},"product_brand":[],"product_cat":[1003,748,749,793,735,1000,999,670],"product_tag":[],"berocket_brand":[1014],"class_list":{"0":"post-109825","1":"product","2":"type-product","3":"status-publish","4":"has-post-thumbnail","6":"product_cat-bestsellere","7":"product_cat-calvin-klein-ck-be","8":"product_cat-calvin-klein-ck-one","9":"product_cat-calvin-klein-eternity-for-men","10":"product_cat-kampagne","11":"product_cat-kampagnetilbud-til-ham","12":"product_cat-kampagnetilbud-til-hende","13":"product_cat-multipack-deodorant","14":"pa_brand-calvin-klein","15":"berocket_brand-calvin-klein","17":"first","18":"instock","19":"sale","20":"taxable","21":"shipping-taxable","22":"purchasable","23":"product-type-simple"},"_links":{"self":[{"href":"https:\/\/stylingagenten.com\/da\/wp-json\/wp\/v2\/product\/109825","targetHints":{"allow":["GET"]}}],"collection":[{"href":"https:\/\/stylingagenten.com\/da\/wp-json\/wp\/v2\/product"}],"about":[{"href":"https:\/\/stylingagenten.com\/da\/wp-json\/wp\/v2\/types\/product"}],"replies":[{"embeddable":true,"href":"https:\/\/stylingagenten.com\/da\/wp-json\/wp\/v2\/comments?post=109825"}],"version-history":[{"count":0,"href":"https:\/\/stylingagenten.com\/da\/wp-json\/wp\/v2\/product\/109825\/revisions"}],"wp:featuredmedia":[{"embeddable":true,"href":"https:\/\/stylingagenten.com\/da\/wp-json\/wp\/v2\/media\/109823"}],"wp:attachment":[{"href":"https:\/\/stylingagenten.com\/da\/wp-json\/wp\/v2\/media?parent=109825"}],"wp:term":[{"taxonomy":"product_brand","embeddable":true,"href":"https:\/\/stylingagenten.com\/da\/wp-json\/wp\/v2\/product_brand?post=109825"},{"taxonomy":"product_cat","embeddable":true,"href":"https:\/\/stylingagenten.com\/da\/wp-json\/wp\/v2\/product_cat?post=109825"},{"taxonomy":"product_tag","embeddable":true,"href":"https:\/\/stylingagenten.com\/da\/wp-json\/wp\/v2\/product_tag?post=109825"},{"taxonomy":"berocket_brand","embeddable":true,"href":"https:\/\/stylingagenten.com\/da\/wp-json\/wp\/v2\/berocket_brand?post=109825"}],"curies":[{"name":"wp","href":"https:\/\/api.w.org\/{rel}","templated":true}]}}