{"id":109800,"date":"2025-05-18T20:50:06","date_gmt":"2025-05-18T20:50:06","guid":{"rendered":"https:\/\/staging2.stylingagenten.com\/da\/produkt\/voluspa-decorative-tin-candle-panjore-lychee-113g\/"},"modified":"2026-03-11T21:47:07","modified_gmt":"2026-03-11T21:47:07","slug":"voluspa-decorative-tin-candle-panjore-lychee-113g","status":"publish","type":"product","link":"https:\/\/stylingagenten.com\/da\/produkt\/voluspa-decorative-tin-candle-panjore-lychee-113g\/","title":{"rendered":"Voluspa Decorative Tin Candle Panjore Lychee 113g"},"content":{"rendered":"<p>Voluspa dekorative bliklys Panjore Lychee 113g har en duft af litchifrugt med strejf af p\u00e6re og vanilje.<\/p>\n<p>Denne kollektion har et japansk-inspireret design, der er lige s\u00e5 fortryllende som duften i sig selv. .<\/p>\n<p> p&gt;<\/p>\n<p>Br\u00e6ndetid omkring 25 timer.<\/p>\n","protected":false},"excerpt":{"rendered":"<p>Voluspa dekorative bliklys Panjore Lychee 113g har en duft af litchifrugt med strejf af p\u00e6re og vanilje. Denne kollektion har et japansk-inspireret design, der er lige s\u00e5 fortryllende som duften i sig selv. . p&gt; Br\u00e6ndetid omkring 25 timer.<\/p>\n","protected":false},"featured_media":109792,"comment_status":"open","ping_status":"closed","template":"","meta":{"_trash_the_other_posts":false},"product_brand":[],"product_cat":[540,735,1000,999,1005],"product_tag":[],"berocket_brand":[1208],"class_list":{"0":"post-109800","1":"product","2":"type-product","3":"status-publish","4":"has-post-thumbnail","6":"product_cat-tuoksu","7":"product_cat-kampagne","8":"product_cat-kampagnetilbud-til-ham","9":"product_cat-kampagnetilbud-til-hende","10":"product_cat-outlet","11":"pa_brand-voluspa","12":"berocket_brand-voluspa","14":"first","15":"instock","16":"sale","17":"taxable","18":"shipping-taxable","19":"purchasable","20":"product-type-simple"},"_links":{"self":[{"href":"https:\/\/stylingagenten.com\/da\/wp-json\/wp\/v2\/product\/109800","targetHints":{"allow":["GET"]}}],"collection":[{"href":"https:\/\/stylingagenten.com\/da\/wp-json\/wp\/v2\/product"}],"about":[{"href":"https:\/\/stylingagenten.com\/da\/wp-json\/wp\/v2\/types\/product"}],"replies":[{"embeddable":true,"href":"https:\/\/stylingagenten.com\/da\/wp-json\/wp\/v2\/comments?post=109800"}],"version-history":[{"count":0,"href":"https:\/\/stylingagenten.com\/da\/wp-json\/wp\/v2\/product\/109800\/revisions"}],"wp:featuredmedia":[{"embeddable":true,"href":"https:\/\/stylingagenten.com\/da\/wp-json\/wp\/v2\/media\/109792"}],"wp:attachment":[{"href":"https:\/\/stylingagenten.com\/da\/wp-json\/wp\/v2\/media?parent=109800"}],"wp:term":[{"taxonomy":"product_brand","embeddable":true,"href":"https:\/\/stylingagenten.com\/da\/wp-json\/wp\/v2\/product_brand?post=109800"},{"taxonomy":"product_cat","embeddable":true,"href":"https:\/\/stylingagenten.com\/da\/wp-json\/wp\/v2\/product_cat?post=109800"},{"taxonomy":"product_tag","embeddable":true,"href":"https:\/\/stylingagenten.com\/da\/wp-json\/wp\/v2\/product_tag?post=109800"},{"taxonomy":"berocket_brand","embeddable":true,"href":"https:\/\/stylingagenten.com\/da\/wp-json\/wp\/v2\/berocket_brand?post=109800"}],"curies":[{"name":"wp","href":"https:\/\/api.w.org\/{rel}","templated":true}]}}