{"id":109745,"date":"2025-05-18T20:49:51","date_gmt":"2025-05-18T20:49:51","guid":{"rendered":"https:\/\/staging2.stylingagenten.com\/da\/produkt\/voluspa-3-wick-decorative-tin-candle-white-cypress-340g\/"},"modified":"2026-03-11T21:57:18","modified_gmt":"2026-03-11T21:57:18","slug":"voluspa-3-wick-decorative-tin-candle-white-cypress-340g","status":"publish","type":"product","link":"https:\/\/stylingagenten.com\/da\/produkt\/voluspa-3-wick-decorative-tin-candle-white-cypress-340g\/","title":{"rendered":"Voluspa 3-Wick Decorative Tin Candle White Cypress 340g"},"content":{"rendered":"<p>Voluspa 3-Wick Dekorative Tin Candle White Cypress har duftnoter af hvid cypres, eneb\u00e6r, vintergr\u00f8n og mynteblade.<\/p>\n<p>Br\u00e6ndetid ca. 40 timer.<\/p>\n","protected":false},"excerpt":{"rendered":"<p>Voluspa 3-Wick Dekorative Tin Candle White Cypress har duftnoter af hvid cypres, eneb\u00e6r, vintergr\u00f8n og mynteblade. Br\u00e6ndetid ca. 40 timer.<\/p>\n","protected":false},"featured_media":109736,"comment_status":"open","ping_status":"closed","template":"","meta":{"_trash_the_other_posts":false},"product_brand":[],"product_cat":[540,735,1000,999,1005],"product_tag":[],"berocket_brand":[1208],"class_list":{"0":"post-109745","1":"product","2":"type-product","3":"status-publish","4":"has-post-thumbnail","6":"product_cat-tuoksu","7":"product_cat-kampagne","8":"product_cat-kampagnetilbud-til-ham","9":"product_cat-kampagnetilbud-til-hende","10":"product_cat-outlet","11":"pa_brand-voluspa","12":"berocket_brand-voluspa","14":"first","15":"instock","16":"sale","17":"taxable","18":"shipping-taxable","19":"purchasable","20":"product-type-simple"},"_links":{"self":[{"href":"https:\/\/stylingagenten.com\/da\/wp-json\/wp\/v2\/product\/109745","targetHints":{"allow":["GET"]}}],"collection":[{"href":"https:\/\/stylingagenten.com\/da\/wp-json\/wp\/v2\/product"}],"about":[{"href":"https:\/\/stylingagenten.com\/da\/wp-json\/wp\/v2\/types\/product"}],"replies":[{"embeddable":true,"href":"https:\/\/stylingagenten.com\/da\/wp-json\/wp\/v2\/comments?post=109745"}],"version-history":[{"count":0,"href":"https:\/\/stylingagenten.com\/da\/wp-json\/wp\/v2\/product\/109745\/revisions"}],"wp:featuredmedia":[{"embeddable":true,"href":"https:\/\/stylingagenten.com\/da\/wp-json\/wp\/v2\/media\/109736"}],"wp:attachment":[{"href":"https:\/\/stylingagenten.com\/da\/wp-json\/wp\/v2\/media?parent=109745"}],"wp:term":[{"taxonomy":"product_brand","embeddable":true,"href":"https:\/\/stylingagenten.com\/da\/wp-json\/wp\/v2\/product_brand?post=109745"},{"taxonomy":"product_cat","embeddable":true,"href":"https:\/\/stylingagenten.com\/da\/wp-json\/wp\/v2\/product_cat?post=109745"},{"taxonomy":"product_tag","embeddable":true,"href":"https:\/\/stylingagenten.com\/da\/wp-json\/wp\/v2\/product_tag?post=109745"},{"taxonomy":"berocket_brand","embeddable":true,"href":"https:\/\/stylingagenten.com\/da\/wp-json\/wp\/v2\/berocket_brand?post=109745"}],"curies":[{"name":"wp","href":"https:\/\/api.w.org\/{rel}","templated":true}]}}