{"id":109662,"date":"2025-05-18T20:49:30","date_gmt":"2025-05-18T20:49:30","guid":{"rendered":"https:\/\/staging2.stylingagenten.com\/da\/produkt\/voluspa-3-wick-candle-decorative-tin-pink-citron-grapefruit-340g\/"},"modified":"2026-03-11T21:56:38","modified_gmt":"2026-03-11T21:56:38","slug":"voluspa-3-wick-candle-decorative-tin-pink-citron-grapefruit-340g","status":"publish","type":"product","link":"https:\/\/stylingagenten.com\/da\/produkt\/voluspa-3-wick-candle-decorative-tin-pink-citron-grapefruit-340g\/","title":{"rendered":"Voluspa 3-Wick Candle Decorative Tin Pink Citron Grapefruit 340g"},"content":{"rendered":"<p>Voluspa 3-Wick Candle Dekorative Tin Pink Lemon Grapefruit duftnoter af moden citron grapefrugt, syrlig cassis og subtil rose. Pink Citron Grapefruit er en str\u00e5le af let og s\u00f8d sommerduft. Lad solen skinne ind!<\/p>\n<p>Br\u00e6ndetid cirka 40 timer.<\/p>\n","protected":false},"excerpt":{"rendered":"<p>Voluspa 3-Wick Candle Dekorative Tin Pink Lemon Grapefruit duftnoter af moden citron grapefrugt, syrlig cassis og subtil rose. Pink Citron Grapefruit er en str\u00e5le af let og s\u00f8d sommerduft. Lad solen skinne ind! Br\u00e6ndetid cirka 40 timer.<\/p>\n","protected":false},"featured_media":109650,"comment_status":"open","ping_status":"closed","template":"","meta":{"_trash_the_other_posts":false},"product_brand":[],"product_cat":[540,735,1000,999,1005],"product_tag":[],"berocket_brand":[1208],"class_list":{"0":"post-109662","1":"product","2":"type-product","3":"status-publish","4":"has-post-thumbnail","6":"product_cat-tuoksu","7":"product_cat-kampagne","8":"product_cat-kampagnetilbud-til-ham","9":"product_cat-kampagnetilbud-til-hende","10":"product_cat-outlet","11":"pa_brand-voluspa","12":"berocket_brand-voluspa","14":"first","15":"instock","16":"sale","17":"taxable","18":"shipping-taxable","19":"purchasable","20":"product-type-simple"},"_links":{"self":[{"href":"https:\/\/stylingagenten.com\/da\/wp-json\/wp\/v2\/product\/109662","targetHints":{"allow":["GET"]}}],"collection":[{"href":"https:\/\/stylingagenten.com\/da\/wp-json\/wp\/v2\/product"}],"about":[{"href":"https:\/\/stylingagenten.com\/da\/wp-json\/wp\/v2\/types\/product"}],"replies":[{"embeddable":true,"href":"https:\/\/stylingagenten.com\/da\/wp-json\/wp\/v2\/comments?post=109662"}],"version-history":[{"count":0,"href":"https:\/\/stylingagenten.com\/da\/wp-json\/wp\/v2\/product\/109662\/revisions"}],"wp:featuredmedia":[{"embeddable":true,"href":"https:\/\/stylingagenten.com\/da\/wp-json\/wp\/v2\/media\/109650"}],"wp:attachment":[{"href":"https:\/\/stylingagenten.com\/da\/wp-json\/wp\/v2\/media?parent=109662"}],"wp:term":[{"taxonomy":"product_brand","embeddable":true,"href":"https:\/\/stylingagenten.com\/da\/wp-json\/wp\/v2\/product_brand?post=109662"},{"taxonomy":"product_cat","embeddable":true,"href":"https:\/\/stylingagenten.com\/da\/wp-json\/wp\/v2\/product_cat?post=109662"},{"taxonomy":"product_tag","embeddable":true,"href":"https:\/\/stylingagenten.com\/da\/wp-json\/wp\/v2\/product_tag?post=109662"},{"taxonomy":"berocket_brand","embeddable":true,"href":"https:\/\/stylingagenten.com\/da\/wp-json\/wp\/v2\/berocket_brand?post=109662"}],"curies":[{"name":"wp","href":"https:\/\/api.w.org\/{rel}","templated":true}]}}