{"id":109397,"date":"2025-05-18T20:47:41","date_gmt":"2025-05-18T20:47:41","guid":{"rendered":"https:\/\/staging2.stylingagenten.com\/da\/produkt\/woodwick-medium-pomegranate\/"},"modified":"2026-03-11T21:57:36","modified_gmt":"2026-03-11T21:57:36","slug":"woodwick-medium-pomegranate","status":"publish","type":"product","link":"https:\/\/stylingagenten.com\/da\/produkt\/woodwick-medium-pomegranate\/","title":{"rendered":"WoodWick Medium &#8211; Pomegranate"},"content":{"rendered":"<p>WoodWick Medium &#8211; Pomegranate<br \/>\n<br \/>Knasende, komplekse granat\u00e6blenoter med solb\u00e6r, bl\u00f8de blomster og rige undertoner af rom og musk.<\/p>\n<p>Topnoter: Ananas, Grapefrugt, P\u00e6re, Fersken, R\u00f8dt \u00e6ble, Solb\u00e6r<br \/>\n<br \/>Hjertenoter: Gr\u00f8n dug, Hindb\u00e6r, Kandiseret viol, Lilje, Rose, Syren<br \/>\n<br \/>Basenoter: S\u00f8d musk, Karamelliseret vanilje, M\u00f8rk rom, Tr\u00e6agtig<\/p>\n<p>Br\u00e6ndetid: Ca 60 timer.<\/p>\n","protected":false},"excerpt":{"rendered":"<p>WoodWick Medium &#8211; Pomegranate Knasende, komplekse granat\u00e6blenoter med solb\u00e6r, bl\u00f8de blomster og rige undertoner af rom og musk. Topnoter: Ananas, Grapefrugt, P\u00e6re, Fersken, R\u00f8dt \u00e6ble, Solb\u00e6r Hjertenoter: Gr\u00f8n dug, Hindb\u00e6r, Kandiseret viol, Lilje, Rose, Syren Basenoter: S\u00f8d musk, Karamelliseret vanilje, M\u00f8rk rom, Tr\u00e6agtig Br\u00e6ndetid: Ca 60 timer.<\/p>\n","protected":false},"featured_media":109395,"comment_status":"open","ping_status":"closed","template":"","meta":{"_trash_the_other_posts":false},"product_brand":[],"product_cat":[540,735,1000,999],"product_tag":[],"berocket_brand":[1375],"class_list":{"0":"post-109397","1":"product","2":"type-product","3":"status-publish","4":"has-post-thumbnail","6":"product_cat-tuoksu","7":"product_cat-kampagne","8":"product_cat-kampagnetilbud-til-ham","9":"product_cat-kampagnetilbud-til-hende","10":"pa_brand-woodwick","11":"berocket_brand-woodwick","13":"first","14":"instock","15":"sale","16":"taxable","17":"shipping-taxable","18":"purchasable","19":"product-type-simple"},"_links":{"self":[{"href":"https:\/\/stylingagenten.com\/da\/wp-json\/wp\/v2\/product\/109397","targetHints":{"allow":["GET"]}}],"collection":[{"href":"https:\/\/stylingagenten.com\/da\/wp-json\/wp\/v2\/product"}],"about":[{"href":"https:\/\/stylingagenten.com\/da\/wp-json\/wp\/v2\/types\/product"}],"replies":[{"embeddable":true,"href":"https:\/\/stylingagenten.com\/da\/wp-json\/wp\/v2\/comments?post=109397"}],"version-history":[{"count":0,"href":"https:\/\/stylingagenten.com\/da\/wp-json\/wp\/v2\/product\/109397\/revisions"}],"wp:featuredmedia":[{"embeddable":true,"href":"https:\/\/stylingagenten.com\/da\/wp-json\/wp\/v2\/media\/109395"}],"wp:attachment":[{"href":"https:\/\/stylingagenten.com\/da\/wp-json\/wp\/v2\/media?parent=109397"}],"wp:term":[{"taxonomy":"product_brand","embeddable":true,"href":"https:\/\/stylingagenten.com\/da\/wp-json\/wp\/v2\/product_brand?post=109397"},{"taxonomy":"product_cat","embeddable":true,"href":"https:\/\/stylingagenten.com\/da\/wp-json\/wp\/v2\/product_cat?post=109397"},{"taxonomy":"product_tag","embeddable":true,"href":"https:\/\/stylingagenten.com\/da\/wp-json\/wp\/v2\/product_tag?post=109397"},{"taxonomy":"berocket_brand","embeddable":true,"href":"https:\/\/stylingagenten.com\/da\/wp-json\/wp\/v2\/berocket_brand?post=109397"}],"curies":[{"name":"wp","href":"https:\/\/api.w.org\/{rel}","templated":true}]}}