{"id":109332,"date":"2025-05-18T20:46:39","date_gmt":"2025-05-18T20:46:39","guid":{"rendered":"https:\/\/staging2.stylingagenten.com\/da\/produkt\/babor-skinovage-calming-cream-50ml\/"},"modified":"2026-04-15T07:49:40","modified_gmt":"2026-04-15T07:49:40","slug":"babor-skinovage-calming-cream-50ml","status":"publish","type":"product","link":"https:\/\/stylingagenten.com\/da\/produkt\/babor-skinovage-calming-cream-50ml\/","title":{"rendered":"BABOR Skinovage Calming Cream 50ml"},"content":{"rendered":"<p>BABOR Skinovage Calming Cream er en ansigtscreme med specielt INTENSE CALM-ekstrakt kombineret med allantoin og panthenol, som sammen reducerer irritation, f\u00f8lelsen af stram hud og stressrelateret r\u00f8dme*. Huden bliver roligere og mere modstandsdygtig overfor stress, og hudens naturlige beskyttende barriere styrkes*. Fri for parfume og farvestoffer. Calming Cream er ogs\u00e5 baseret p\u00e5 forskningsresultater og indeholder en specifik powerpeptid, der forbedrer hudens regenereringsprocesser for en mere j\u00e6vn og vital hud.<\/p>\n<p>*Effektivitetsstudier af CALMING CREAM i kombination med CALMING SERUM.<\/p>\n<p>Passer til sensitiv hud.<\/p>\n<p>50ml<\/p>\n","protected":false},"excerpt":{"rendered":"<p>BABOR Skinovage Calming Cream er en ansigtscreme med specielt INTENSE CALM-ekstrakt kombineret med allantoin og panthenol, som sammen reducerer irritation, f\u00f8lelsen af stram hud og stressrelateret r\u00f8dme*. Huden bliver roligere og mere modstandsdygtig overfor stress, og hudens naturlige beskyttende barriere styrkes*. Fri for parfume og farvestoffer. Calming Cream er ogs\u00e5 baseret p\u00e5 forskningsresultater og indeholder [&hellip;]<\/p>\n","protected":false},"featured_media":109329,"comment_status":"open","ping_status":"closed","template":"","meta":{"_trash_the_other_posts":false},"product_brand":[],"product_cat":[559,735,1000,999],"product_tag":[],"berocket_brand":[1987],"class_list":{"0":"post-109332","1":"product","2":"type-product","3":"status-publish","4":"has-post-thumbnail","6":"product_cat-kasvovoide","7":"product_cat-kampagne","8":"product_cat-kampagnetilbud-til-ham","9":"product_cat-kampagnetilbud-til-hende","10":"pa_brand-babor","11":"berocket_brand-babor","13":"first","14":"instock","15":"sale","16":"taxable","17":"shipping-taxable","18":"purchasable","19":"product-type-simple"},"_links":{"self":[{"href":"https:\/\/stylingagenten.com\/da\/wp-json\/wp\/v2\/product\/109332","targetHints":{"allow":["GET"]}}],"collection":[{"href":"https:\/\/stylingagenten.com\/da\/wp-json\/wp\/v2\/product"}],"about":[{"href":"https:\/\/stylingagenten.com\/da\/wp-json\/wp\/v2\/types\/product"}],"replies":[{"embeddable":true,"href":"https:\/\/stylingagenten.com\/da\/wp-json\/wp\/v2\/comments?post=109332"}],"version-history":[{"count":0,"href":"https:\/\/stylingagenten.com\/da\/wp-json\/wp\/v2\/product\/109332\/revisions"}],"wp:featuredmedia":[{"embeddable":true,"href":"https:\/\/stylingagenten.com\/da\/wp-json\/wp\/v2\/media\/109329"}],"wp:attachment":[{"href":"https:\/\/stylingagenten.com\/da\/wp-json\/wp\/v2\/media?parent=109332"}],"wp:term":[{"taxonomy":"product_brand","embeddable":true,"href":"https:\/\/stylingagenten.com\/da\/wp-json\/wp\/v2\/product_brand?post=109332"},{"taxonomy":"product_cat","embeddable":true,"href":"https:\/\/stylingagenten.com\/da\/wp-json\/wp\/v2\/product_cat?post=109332"},{"taxonomy":"product_tag","embeddable":true,"href":"https:\/\/stylingagenten.com\/da\/wp-json\/wp\/v2\/product_tag?post=109332"},{"taxonomy":"berocket_brand","embeddable":true,"href":"https:\/\/stylingagenten.com\/da\/wp-json\/wp\/v2\/berocket_brand?post=109332"}],"curies":[{"name":"wp","href":"https:\/\/api.w.org\/{rel}","templated":true}]}}